{"id":207,"date":"2020-03-23T12:00:57","date_gmt":"2020-03-23T12:00:57","guid":{"rendered":"https:\/\/www.jugend-welt.com\/WP\/?page_id=207"},"modified":"2023-11-18T18:51:53","modified_gmt":"2023-11-18T17:51:53","slug":"herzlich-willkommen-zu-jugend-welt","status":"publish","type":"page","link":"https:\/\/www.jugend-welt.com\/WP\/","title":{"rendered":"Jugend-Welt e.V."},"content":{"rendered":"\n<p class=\"has-larger-font-size\">Herzlich Willkommen bei Jugend-Welt e.V.!<\/p>\n\n\n\n<p><br><strong>Jugend-Welt e.V.<\/strong>\u00a0ist eine gemeinn\u00fctzige Organisation, die seit \u00fcber 18 Jahren mit sozialen, integrativen und gewaltpr\u00e4ventiven Projekten an Schulen\u00a0erfolgreich t\u00e4tig ist.\u00a0Aktuell bestehen Partnerschaften mit \u00fcber 50 Schulen, und wir begleiten mehr als 60 Gruppen.<\/p>\n\n\n\n<p><br><strong>ZIEL<\/strong><\/p>\n\n\n\n<p>F\u00f6rderung Friedlicher Bewusstseinsbildung Junger Menschen<\/p>\n\n\n\n<p><br><strong>UNSERE VISION<\/strong><br>Eine integrative und gewaltfreie Schulumgebung, in der wir das soziale und emotionale Lernen sowie die Sozialentwicklung von Kindern und Jugendlichen f\u00f6rdern, um eine positive Zukunft zu schaffen. <\/p>\n\n\n\n<p><br><strong>Folgende Projekte werden angeboten:<\/strong><\/p>\n\n\n\n<ul class=\"wp-block-list\">\n<li>Stille Jungs<\/li>\n\n\n\n<li>Starke M\u00e4dchen<\/li>\n\n\n\n<li>Tanzen<\/li>\n\n\n\n<li>Schwimmen<\/li>\n\n\n\n<li>Fu\u00dfball<\/li>\n\n\n\n<li>Gewaltpr\u00e4vention<\/li>\n\n\n\n<li>JUWEL Online<\/li>\n\n\n\n<li>F\u00f6rderhilfe<\/li>\n\n\n\n<li>Parkour<\/li>\n<\/ul>\n\n\n\n<br><p><strong>Die Projekte k\u00f6nnen unterschiedlich gestaltet sein: <\/strong><\/p>\n\n\n\n<ul class=\"wp-block-list\">\n<li>Die Projekte finden vormittags im Klassenverband statt, dabei finden die Projekte parallel zueinander statt unter der Aufsicht von Gruppenleitern.<\/li>\n\n\n\n<li>Die Projekte finden im Rahmen des Sportunterrichts statt. Dabei sind die Gruppen jeweils von einem Gruppenleiter und der Lehrkraft betreut.&nbsp;<\/li>\n\n\n\n<li>Die Projekte finden nachmittags als AG statt, dabei k\u00f6nnen auch Kinder aus verschiedenen Klassen teilnehmen.<br><br><\/li>\n<\/ul>\n\n\n\n<figure class=\"wp-block-table\"><table><tbody><tr><td><strong>Unser Team<\/strong><br> 2 Trainer*innen pro Gruppe, um individuelle F\u00f6rderung zu gew\u00e4hrleisten<br>p\u00e4dagogisch Fachkr\u00e4fte<\/td><td><strong>Alle Schularten<\/strong> <br>Klassenstufen 1 bis 10<br><\/td><\/tr><tr><td><strong>Zeitraum pro Gruppe<\/strong> <strong>&amp; Ort<\/strong><br>1 Einheit = 90 Min.<br>Ganzes oder halbes Schuljahr: 1 Einheit w\u00f6chentlich<br>Workshops: 5 bis 10 Einheiten<br>Sporthalle<\/td><td><strong>Finanzierung<\/strong><br>Amt f\u00fcr Schule und Bildung<br>diverse Stiftungen<br>sonstige Tr\u00e4ger<br>Schulbudget<\/td><\/tr><\/tbody><\/table><\/figure>\n\n\n\n<p>Wenn gew\u00fcnscht, k\u00f6nnen die Projekte auch in den Ferien im Rahmen der Schulkindbetreuung stattfinden, melden Sie sich bei Bedarf gerne bei uns.\u00a0<\/p>\n\n\n\n<div class=\"wp-block-media-text alignwide is-stacked-on-mobile\" style=\"grid-template-columns:85% auto\"><figure class=\"wp-block-media-text__media\"><img loading=\"lazy\" decoding=\"async\" width=\"1024\" height=\"714\" src=\"https:\/\/www.jugend-welt.com\/WP\/wp-content\/uploads\/2023\/11\/Startseite_Banner_small-1024x714-1.jpg\" alt=\"\" class=\"wp-image-934 size-full\" srcset=\"https:\/\/www.jugend-welt.com\/WP\/wp-content\/uploads\/2023\/11\/Startseite_Banner_small-1024x714-1.jpg 1024w, https:\/\/www.jugend-welt.com\/WP\/wp-content\/uploads\/2023\/11\/Startseite_Banner_small-1024x714-1-300x209.jpg 300w, https:\/\/www.jugend-welt.com\/WP\/wp-content\/uploads\/2023\/11\/Startseite_Banner_small-1024x714-1-768x536.jpg 768w, https:\/\/www.jugend-welt.com\/WP\/wp-content\/uploads\/2023\/11\/Startseite_Banner_small-1024x714-1-430x300.jpg 430w, https:\/\/www.jugend-welt.com\/WP\/wp-content\/uploads\/2023\/11\/Startseite_Banner_small-1024x714-1-24x17.jpg 24w, https:\/\/www.jugend-welt.com\/WP\/wp-content\/uploads\/2023\/11\/Startseite_Banner_small-1024x714-1-36x25.jpg 36w, https:\/\/www.jugend-welt.com\/WP\/wp-content\/uploads\/2023\/11\/Startseite_Banner_small-1024x714-1-48x33.jpg 48w\" sizes=\"(max-width: 1024px) 100vw, 1024px\" \/><\/figure><div class=\"wp-block-media-text__content\">\n<p><\/p>\n<\/div><\/div>\n\n\n\n<p class=\"has-large-font-size\"><\/p>\n","protected":false},"excerpt":{"rendered":"<p>Herzlich Willkommen bei Jugend-Welt e.V.! Jugend-Welt e.V.\u00a0ist eine gemeinn\u00fctzige Organisation, die seit \u00fcber 18 Jahren mit sozialen, integrativen und gewaltpr\u00e4ventiven Projekten an Schulen\u00a0erfolgreich t\u00e4tig ist.\u00a0Aktuell bestehen Partnerschaften mit \u00fcber 50 Schulen, und wir begleiten mehr als 60 Gruppen. ZIEL F\u00f6rderung Friedlicher Bewusstseinsbildung Junger Menschen UNSERE VISIONEine integrative und gewaltfreie Schulumgebung, &hellip;<\/p>\n","protected":false},"author":1,"featured_media":0,"parent":0,"menu_order":0,"comment_status":"closed","ping_status":"closed","template":"","meta":{"footnotes":""},"class_list":["post-207","page","type-page","status-publish","hentry"],"yoast_head":"<!-- This site is optimized with the Yoast SEO plugin v21.7 - https:\/\/yoast.com\/wordpress\/plugins\/seo\/ -->\n<title>Jugend-Welt e.V. - Jugend-Welt e.V.<\/title>\n<meta name=\"robots\" content=\"index, follow, max-snippet:-1, max-image-preview:large, max-video-preview:-1\" \/>\n<link rel=\"canonical\" href=\"https:\/\/www.jugend-welt.com\/WP\/\" \/>\n<meta property=\"og:locale\" content=\"de_DE\" \/>\n<meta property=\"og:type\" content=\"article\" \/>\n<meta property=\"og:title\" content=\"Jugend-Welt e.V. - Jugend-Welt e.V.\" \/>\n<meta property=\"og:description\" content=\"Herzlich Willkommen bei Jugend-Welt e.V.! Jugend-Welt e.V.\u00a0ist eine gemeinn\u00fctzige Organisation, die seit \u00fcber 18 Jahren mit sozialen, integrativen und gewaltpr\u00e4ventiven Projekten an Schulen\u00a0erfolgreich t\u00e4tig ist.\u00a0Aktuell bestehen Partnerschaften mit \u00fcber 50 Schulen, und wir begleiten mehr als 60 Gruppen. ZIEL F\u00f6rderung Friedlicher Bewusstseinsbildung Junger Menschen UNSERE VISIONEine integrative und gewaltfreie Schulumgebung, &hellip;\" \/>\n<meta property=\"og:url\" content=\"https:\/\/www.jugend-welt.com\/WP\/\" \/>\n<meta property=\"og:site_name\" content=\"Jugend-Welt e.V.\" \/>\n<meta property=\"article:modified_time\" content=\"2023-11-18T17:51:53+00:00\" \/>\n<meta property=\"og:image\" content=\"https:\/\/www.jugend-welt.com\/WP\/wp-content\/uploads\/2023\/11\/Startseite_Banner_small-1024x714-1.jpg\" \/>\n<meta name=\"twitter:card\" content=\"summary_large_image\" \/>\n<meta name=\"twitter:label1\" content=\"Gesch\u00e4tzte Lesezeit\" \/>\n\t<meta name=\"twitter:data1\" content=\"2\u00a0Minuten\" \/>\n<script type=\"application\/ld+json\" class=\"yoast-schema-graph\">{\"@context\":\"https:\/\/schema.org\",\"@graph\":[{\"@type\":\"WebPage\",\"@id\":\"https:\/\/www.jugend-welt.com\/WP\/\",\"url\":\"https:\/\/www.jugend-welt.com\/WP\/\",\"name\":\"Jugend-Welt e.V. - Jugend-Welt e.V.\",\"isPartOf\":{\"@id\":\"https:\/\/www.jugend-welt.com\/WP\/#website\"},\"datePublished\":\"2020-03-23T12:00:57+00:00\",\"dateModified\":\"2023-11-18T17:51:53+00:00\",\"breadcrumb\":{\"@id\":\"https:\/\/www.jugend-welt.com\/WP\/#breadcrumb\"},\"inLanguage\":\"de\",\"potentialAction\":[{\"@type\":\"ReadAction\",\"target\":[\"https:\/\/www.jugend-welt.com\/WP\/\"]}]},{\"@type\":\"BreadcrumbList\",\"@id\":\"https:\/\/www.jugend-welt.com\/WP\/#breadcrumb\",\"itemListElement\":[{\"@type\":\"ListItem\",\"position\":1,\"name\":\"Startseite\",\"item\":\"https:\/\/www.jugend-welt.com\/WP\/\"},{\"@type\":\"ListItem\",\"position\":2,\"name\":\"Jugend-Welt e.V.\"}]},{\"@type\":\"WebSite\",\"@id\":\"https:\/\/www.jugend-welt.com\/WP\/#website\",\"url\":\"https:\/\/www.jugend-welt.com\/WP\/\",\"name\":\"Jugend-Welt e. V. - JUWEL\",\"description\":\"\",\"publisher\":{\"@id\":\"https:\/\/www.jugend-welt.com\/WP\/#organization\"},\"potentialAction\":[{\"@type\":\"SearchAction\",\"target\":{\"@type\":\"EntryPoint\",\"urlTemplate\":\"https:\/\/www.jugend-welt.com\/WP\/?s={search_term_string}\"},\"query-input\":\"required name=search_term_string\"}],\"inLanguage\":\"de\"},{\"@type\":\"Organization\",\"@id\":\"https:\/\/www.jugend-welt.com\/WP\/#organization\",\"name\":\"Jugend-Welt e.V.\",\"url\":\"https:\/\/www.jugend-welt.com\/WP\/\",\"logo\":{\"@type\":\"ImageObject\",\"inLanguage\":\"de\",\"@id\":\"https:\/\/www.jugend-welt.com\/WP\/#\/schema\/logo\/image\/\",\"url\":\"https:\/\/www.jugend-welt.com\/WP\/wp-content\/uploads\/2020\/11\/Logo_StilleJungs.jpg\",\"contentUrl\":\"https:\/\/www.jugend-welt.com\/WP\/wp-content\/uploads\/2020\/11\/Logo_StilleJungs.jpg\",\"width\":752,\"height\":769,\"caption\":\"Jugend-Welt e.V.\"},\"image\":{\"@id\":\"https:\/\/www.jugend-welt.com\/WP\/#\/schema\/logo\/image\/\"}}]}<\/script>\n<!-- \/ Yoast SEO plugin. -->","yoast_head_json":{"title":"Jugend-Welt e.V. - Jugend-Welt e.V.","robots":{"index":"index","follow":"follow","max-snippet":"max-snippet:-1","max-image-preview":"max-image-preview:large","max-video-preview":"max-video-preview:-1"},"canonical":"https:\/\/www.jugend-welt.com\/WP\/","og_locale":"de_DE","og_type":"article","og_title":"Jugend-Welt e.V. - Jugend-Welt e.V.","og_description":"Herzlich Willkommen bei Jugend-Welt e.V.! Jugend-Welt e.V.\u00a0ist eine gemeinn\u00fctzige Organisation, die seit \u00fcber 18 Jahren mit sozialen, integrativen und gewaltpr\u00e4ventiven Projekten an Schulen\u00a0erfolgreich t\u00e4tig ist.\u00a0Aktuell bestehen Partnerschaften mit \u00fcber 50 Schulen, und wir begleiten mehr als 60 Gruppen. ZIEL F\u00f6rderung Friedlicher Bewusstseinsbildung Junger Menschen UNSERE VISIONEine integrative und gewaltfreie Schulumgebung, &hellip;","og_url":"https:\/\/www.jugend-welt.com\/WP\/","og_site_name":"Jugend-Welt e.V.","article_modified_time":"2023-11-18T17:51:53+00:00","og_image":[{"url":"https:\/\/www.jugend-welt.com\/WP\/wp-content\/uploads\/2023\/11\/Startseite_Banner_small-1024x714-1.jpg"}],"twitter_card":"summary_large_image","twitter_misc":{"Gesch\u00e4tzte Lesezeit":"2\u00a0Minuten"},"schema":{"@context":"https:\/\/schema.org","@graph":[{"@type":"WebPage","@id":"https:\/\/www.jugend-welt.com\/WP\/","url":"https:\/\/www.jugend-welt.com\/WP\/","name":"Jugend-Welt e.V. - Jugend-Welt e.V.","isPartOf":{"@id":"https:\/\/www.jugend-welt.com\/WP\/#website"},"datePublished":"2020-03-23T12:00:57+00:00","dateModified":"2023-11-18T17:51:53+00:00","breadcrumb":{"@id":"https:\/\/www.jugend-welt.com\/WP\/#breadcrumb"},"inLanguage":"de","potentialAction":[{"@type":"ReadAction","target":["https:\/\/www.jugend-welt.com\/WP\/"]}]},{"@type":"BreadcrumbList","@id":"https:\/\/www.jugend-welt.com\/WP\/#breadcrumb","itemListElement":[{"@type":"ListItem","position":1,"name":"Startseite","item":"https:\/\/www.jugend-welt.com\/WP\/"},{"@type":"ListItem","position":2,"name":"Jugend-Welt e.V."}]},{"@type":"WebSite","@id":"https:\/\/www.jugend-welt.com\/WP\/#website","url":"https:\/\/www.jugend-welt.com\/WP\/","name":"Jugend-Welt e. V. - JUWEL","description":"","publisher":{"@id":"https:\/\/www.jugend-welt.com\/WP\/#organization"},"potentialAction":[{"@type":"SearchAction","target":{"@type":"EntryPoint","urlTemplate":"https:\/\/www.jugend-welt.com\/WP\/?s={search_term_string}"},"query-input":"required name=search_term_string"}],"inLanguage":"de"},{"@type":"Organization","@id":"https:\/\/www.jugend-welt.com\/WP\/#organization","name":"Jugend-Welt e.V.","url":"https:\/\/www.jugend-welt.com\/WP\/","logo":{"@type":"ImageObject","inLanguage":"de","@id":"https:\/\/www.jugend-welt.com\/WP\/#\/schema\/logo\/image\/","url":"https:\/\/www.jugend-welt.com\/WP\/wp-content\/uploads\/2020\/11\/Logo_StilleJungs.jpg","contentUrl":"https:\/\/www.jugend-welt.com\/WP\/wp-content\/uploads\/2020\/11\/Logo_StilleJungs.jpg","width":752,"height":769,"caption":"Jugend-Welt e.V."},"image":{"@id":"https:\/\/www.jugend-welt.com\/WP\/#\/schema\/logo\/image\/"}}]}},"_links":{"self":[{"href":"https:\/\/www.jugend-welt.com\/WP\/wp-json\/wp\/v2\/pages\/207"}],"collection":[{"href":"https:\/\/www.jugend-welt.com\/WP\/wp-json\/wp\/v2\/pages"}],"about":[{"href":"https:\/\/www.jugend-welt.com\/WP\/wp-json\/wp\/v2\/types\/page"}],"author":[{"embeddable":true,"href":"https:\/\/www.jugend-welt.com\/WP\/wp-json\/wp\/v2\/users\/1"}],"replies":[{"embeddable":true,"href":"https:\/\/www.jugend-welt.com\/WP\/wp-json\/wp\/v2\/comments?post=207"}],"version-history":[{"count":12,"href":"https:\/\/www.jugend-welt.com\/WP\/wp-json\/wp\/v2\/pages\/207\/revisions"}],"predecessor-version":[{"id":973,"href":"https:\/\/www.jugend-welt.com\/WP\/wp-json\/wp\/v2\/pages\/207\/revisions\/973"}],"wp:attachment":[{"href":"https:\/\/www.jugend-welt.com\/WP\/wp-json\/wp\/v2\/media?parent=207"}],"curies":[{"name":"wp","href":"https:\/\/api.w.org\/{rel}","templated":true}]}}