{"id":196,"date":"2020-03-23T11:47:56","date_gmt":"2020-03-23T11:47:56","guid":{"rendered":"https:\/\/www.jugend-welt.com\/WP\/?page_id=196"},"modified":"2023-04-06T14:56:32","modified_gmt":"2023-04-06T13:56:32","slug":"starke-maedchen","status":"publish","type":"page","link":"https:\/\/www.jugend-welt.com\/WP\/projekte\/starke-maedchen\/","title":{"rendered":"Starke M\u00e4dchen"},"content":{"rendered":"\n<p>Das Projekt STARKE M\u00c4DCHEN setzt an der individuellen Lebenssituation der M\u00e4dchen an und verfolgt das Ziel mit sozialen, sprachlichen und kulturellen Barrieren zu brechen. Mithilfe der Leitelemente Kommunikation, Stille und Tanz wird eine respektvolle und authentische Gespr\u00e4chsatmosph\u00e4re geschaffen und Kreativit\u00e4t, Selbstwahrnehmung und Kooperation angeregt. Es geht um ein Gef\u00fchl der Gemeinschaft, der Selbstwirksamkeit und der gegenseitigen Wertsch\u00e4tzung.<\/p>\n\n\n<div class=\"wp-block-image is-style-default\">\n<figure class=\"aligncenter size-large is-resized\"><img loading=\"lazy\" decoding=\"async\" src=\"https:\/\/www.jugend-welt.com\/WP\/wp-content\/uploads\/2020\/03\/P_StarkeMaedchen-936x1024.jpg\" alt=\"\" class=\"wp-image-304\" width=\"702\" height=\"768\" srcset=\"https:\/\/www.jugend-welt.com\/WP\/wp-content\/uploads\/2020\/03\/P_StarkeMaedchen-936x1024.jpg 936w, https:\/\/www.jugend-welt.com\/WP\/wp-content\/uploads\/2020\/03\/P_StarkeMaedchen-274x300.jpg 274w, https:\/\/www.jugend-welt.com\/WP\/wp-content\/uploads\/2020\/03\/P_StarkeMaedchen-768x841.jpg 768w, https:\/\/www.jugend-welt.com\/WP\/wp-content\/uploads\/2020\/03\/P_StarkeMaedchen-1403x1536.jpg 1403w, https:\/\/www.jugend-welt.com\/WP\/wp-content\/uploads\/2020\/03\/P_StarkeMaedchen-22x24.jpg 22w, https:\/\/www.jugend-welt.com\/WP\/wp-content\/uploads\/2020\/03\/P_StarkeMaedchen-33x36.jpg 33w, https:\/\/www.jugend-welt.com\/WP\/wp-content\/uploads\/2020\/03\/P_StarkeMaedchen-44x48.jpg 44w, https:\/\/www.jugend-welt.com\/WP\/wp-content\/uploads\/2020\/03\/P_StarkeMaedchen.jpg 1871w\" sizes=\"(max-width: 702px) 100vw, 702px\" \/><\/figure><\/div>","protected":false},"excerpt":{"rendered":"<p>Das Projekt STARKE M\u00c4DCHEN setzt an der individuellen Lebenssituation der M\u00e4dchen an und verfolgt das Ziel mit sozialen, sprachlichen und kulturellen Barrieren zu brechen. Mithilfe der Leitelemente Kommunikation, Stille und Tanz wird eine respektvolle und authentische Gespr\u00e4chsatmosph\u00e4re geschaffen und Kreativit\u00e4t, Selbstwahrnehmung und Kooperation angeregt. Es geht um ein Gef\u00fchl der &hellip;<\/p>\n","protected":false},"author":1,"featured_media":0,"parent":237,"menu_order":0,"comment_status":"closed","ping_status":"closed","template":"","meta":{"footnotes":""},"class_list":["post-196","page","type-page","status-publish","hentry"],"yoast_head":"<!-- This site is optimized with the Yoast SEO plugin v21.7 - https:\/\/yoast.com\/wordpress\/plugins\/seo\/ -->\n<title>Starke M\u00e4dchen - Jugend-Welt e.V.<\/title>\n<meta name=\"robots\" content=\"index, follow, max-snippet:-1, max-image-preview:large, max-video-preview:-1\" \/>\n<link rel=\"canonical\" href=\"https:\/\/www.jugend-welt.com\/WP\/projekte\/starke-maedchen\/\" \/>\n<meta property=\"og:locale\" content=\"de_DE\" \/>\n<meta property=\"og:type\" content=\"article\" \/>\n<meta property=\"og:title\" content=\"Starke M\u00e4dchen - Jugend-Welt e.V.\" \/>\n<meta property=\"og:description\" content=\"Das Projekt STARKE M\u00c4DCHEN setzt an der individuellen Lebenssituation der M\u00e4dchen an und verfolgt das Ziel mit sozialen, sprachlichen und kulturellen Barrieren zu brechen. Mithilfe der Leitelemente Kommunikation, Stille und Tanz wird eine respektvolle und authentische Gespr\u00e4chsatmosph\u00e4re geschaffen und Kreativit\u00e4t, Selbstwahrnehmung und Kooperation angeregt. Es geht um ein Gef\u00fchl der &hellip;\" \/>\n<meta property=\"og:url\" content=\"https:\/\/www.jugend-welt.com\/WP\/projekte\/starke-maedchen\/\" \/>\n<meta property=\"og:site_name\" content=\"Jugend-Welt e.V.\" \/>\n<meta property=\"article:modified_time\" content=\"2023-04-06T13:56:32+00:00\" \/>\n<meta property=\"og:image\" content=\"https:\/\/www.jugend-welt.com\/WP\/wp-content\/uploads\/2020\/03\/P_StarkeMaedchen-936x1024.jpg\" \/>\n<meta name=\"twitter:card\" content=\"summary_large_image\" \/>\n<meta name=\"twitter:label1\" content=\"Gesch\u00e4tzte Lesezeit\" \/>\n\t<meta name=\"twitter:data1\" content=\"1\u00a0Minute\" \/>\n<script type=\"application\/ld+json\" class=\"yoast-schema-graph\">{\"@context\":\"https:\/\/schema.org\",\"@graph\":[{\"@type\":\"WebPage\",\"@id\":\"https:\/\/www.jugend-welt.com\/WP\/projekte\/starke-maedchen\/\",\"url\":\"https:\/\/www.jugend-welt.com\/WP\/projekte\/starke-maedchen\/\",\"name\":\"Starke M\u00e4dchen - Jugend-Welt e.V.\",\"isPartOf\":{\"@id\":\"https:\/\/www.jugend-welt.com\/WP\/#website\"},\"datePublished\":\"2020-03-23T11:47:56+00:00\",\"dateModified\":\"2023-04-06T13:56:32+00:00\",\"breadcrumb\":{\"@id\":\"https:\/\/www.jugend-welt.com\/WP\/projekte\/starke-maedchen\/#breadcrumb\"},\"inLanguage\":\"de\",\"potentialAction\":[{\"@type\":\"ReadAction\",\"target\":[\"https:\/\/www.jugend-welt.com\/WP\/projekte\/starke-maedchen\/\"]}]},{\"@type\":\"BreadcrumbList\",\"@id\":\"https:\/\/www.jugend-welt.com\/WP\/projekte\/starke-maedchen\/#breadcrumb\",\"itemListElement\":[{\"@type\":\"ListItem\",\"position\":1,\"name\":\"Startseite\",\"item\":\"https:\/\/www.jugend-welt.com\/WP\/\"},{\"@type\":\"ListItem\",\"position\":2,\"name\":\"PROJEKTE\",\"item\":\"https:\/\/www.jugend-welt.com\/WP\/projekte\/\"},{\"@type\":\"ListItem\",\"position\":3,\"name\":\"Starke M\u00e4dchen\"}]},{\"@type\":\"WebSite\",\"@id\":\"https:\/\/www.jugend-welt.com\/WP\/#website\",\"url\":\"https:\/\/www.jugend-welt.com\/WP\/\",\"name\":\"Jugend-Welt e. V. - JUWEL\",\"description\":\"\",\"publisher\":{\"@id\":\"https:\/\/www.jugend-welt.com\/WP\/#organization\"},\"potentialAction\":[{\"@type\":\"SearchAction\",\"target\":{\"@type\":\"EntryPoint\",\"urlTemplate\":\"https:\/\/www.jugend-welt.com\/WP\/?s={search_term_string}\"},\"query-input\":\"required name=search_term_string\"}],\"inLanguage\":\"de\"},{\"@type\":\"Organization\",\"@id\":\"https:\/\/www.jugend-welt.com\/WP\/#organization\",\"name\":\"Jugend-Welt e.V.\",\"url\":\"https:\/\/www.jugend-welt.com\/WP\/\",\"logo\":{\"@type\":\"ImageObject\",\"inLanguage\":\"de\",\"@id\":\"https:\/\/www.jugend-welt.com\/WP\/#\/schema\/logo\/image\/\",\"url\":\"https:\/\/www.jugend-welt.com\/WP\/wp-content\/uploads\/2020\/11\/Logo_StilleJungs.jpg\",\"contentUrl\":\"https:\/\/www.jugend-welt.com\/WP\/wp-content\/uploads\/2020\/11\/Logo_StilleJungs.jpg\",\"width\":752,\"height\":769,\"caption\":\"Jugend-Welt e.V.\"},\"image\":{\"@id\":\"https:\/\/www.jugend-welt.com\/WP\/#\/schema\/logo\/image\/\"}}]}<\/script>\n<!-- \/ Yoast SEO plugin. -->","yoast_head_json":{"title":"Starke M\u00e4dchen - Jugend-Welt e.V.","robots":{"index":"index","follow":"follow","max-snippet":"max-snippet:-1","max-image-preview":"max-image-preview:large","max-video-preview":"max-video-preview:-1"},"canonical":"https:\/\/www.jugend-welt.com\/WP\/projekte\/starke-maedchen\/","og_locale":"de_DE","og_type":"article","og_title":"Starke M\u00e4dchen - Jugend-Welt e.V.","og_description":"Das Projekt STARKE M\u00c4DCHEN setzt an der individuellen Lebenssituation der M\u00e4dchen an und verfolgt das Ziel mit sozialen, sprachlichen und kulturellen Barrieren zu brechen. Mithilfe der Leitelemente Kommunikation, Stille und Tanz wird eine respektvolle und authentische Gespr\u00e4chsatmosph\u00e4re geschaffen und Kreativit\u00e4t, Selbstwahrnehmung und Kooperation angeregt. Es geht um ein Gef\u00fchl der &hellip;","og_url":"https:\/\/www.jugend-welt.com\/WP\/projekte\/starke-maedchen\/","og_site_name":"Jugend-Welt e.V.","article_modified_time":"2023-04-06T13:56:32+00:00","og_image":[{"url":"https:\/\/www.jugend-welt.com\/WP\/wp-content\/uploads\/2020\/03\/P_StarkeMaedchen-936x1024.jpg"}],"twitter_card":"summary_large_image","twitter_misc":{"Gesch\u00e4tzte Lesezeit":"1\u00a0Minute"},"schema":{"@context":"https:\/\/schema.org","@graph":[{"@type":"WebPage","@id":"https:\/\/www.jugend-welt.com\/WP\/projekte\/starke-maedchen\/","url":"https:\/\/www.jugend-welt.com\/WP\/projekte\/starke-maedchen\/","name":"Starke M\u00e4dchen - Jugend-Welt e.V.","isPartOf":{"@id":"https:\/\/www.jugend-welt.com\/WP\/#website"},"datePublished":"2020-03-23T11:47:56+00:00","dateModified":"2023-04-06T13:56:32+00:00","breadcrumb":{"@id":"https:\/\/www.jugend-welt.com\/WP\/projekte\/starke-maedchen\/#breadcrumb"},"inLanguage":"de","potentialAction":[{"@type":"ReadAction","target":["https:\/\/www.jugend-welt.com\/WP\/projekte\/starke-maedchen\/"]}]},{"@type":"BreadcrumbList","@id":"https:\/\/www.jugend-welt.com\/WP\/projekte\/starke-maedchen\/#breadcrumb","itemListElement":[{"@type":"ListItem","position":1,"name":"Startseite","item":"https:\/\/www.jugend-welt.com\/WP\/"},{"@type":"ListItem","position":2,"name":"PROJEKTE","item":"https:\/\/www.jugend-welt.com\/WP\/projekte\/"},{"@type":"ListItem","position":3,"name":"Starke M\u00e4dchen"}]},{"@type":"WebSite","@id":"https:\/\/www.jugend-welt.com\/WP\/#website","url":"https:\/\/www.jugend-welt.com\/WP\/","name":"Jugend-Welt e. V. - JUWEL","description":"","publisher":{"@id":"https:\/\/www.jugend-welt.com\/WP\/#organization"},"potentialAction":[{"@type":"SearchAction","target":{"@type":"EntryPoint","urlTemplate":"https:\/\/www.jugend-welt.com\/WP\/?s={search_term_string}"},"query-input":"required name=search_term_string"}],"inLanguage":"de"},{"@type":"Organization","@id":"https:\/\/www.jugend-welt.com\/WP\/#organization","name":"Jugend-Welt e.V.","url":"https:\/\/www.jugend-welt.com\/WP\/","logo":{"@type":"ImageObject","inLanguage":"de","@id":"https:\/\/www.jugend-welt.com\/WP\/#\/schema\/logo\/image\/","url":"https:\/\/www.jugend-welt.com\/WP\/wp-content\/uploads\/2020\/11\/Logo_StilleJungs.jpg","contentUrl":"https:\/\/www.jugend-welt.com\/WP\/wp-content\/uploads\/2020\/11\/Logo_StilleJungs.jpg","width":752,"height":769,"caption":"Jugend-Welt e.V."},"image":{"@id":"https:\/\/www.jugend-welt.com\/WP\/#\/schema\/logo\/image\/"}}]}},"_links":{"self":[{"href":"https:\/\/www.jugend-welt.com\/WP\/wp-json\/wp\/v2\/pages\/196"}],"collection":[{"href":"https:\/\/www.jugend-welt.com\/WP\/wp-json\/wp\/v2\/pages"}],"about":[{"href":"https:\/\/www.jugend-welt.com\/WP\/wp-json\/wp\/v2\/types\/page"}],"author":[{"embeddable":true,"href":"https:\/\/www.jugend-welt.com\/WP\/wp-json\/wp\/v2\/users\/1"}],"replies":[{"embeddable":true,"href":"https:\/\/www.jugend-welt.com\/WP\/wp-json\/wp\/v2\/comments?post=196"}],"version-history":[{"count":1,"href":"https:\/\/www.jugend-welt.com\/WP\/wp-json\/wp\/v2\/pages\/196\/revisions"}],"predecessor-version":[{"id":909,"href":"https:\/\/www.jugend-welt.com\/WP\/wp-json\/wp\/v2\/pages\/196\/revisions\/909"}],"up":[{"embeddable":true,"href":"https:\/\/www.jugend-welt.com\/WP\/wp-json\/wp\/v2\/pages\/237"}],"wp:attachment":[{"href":"https:\/\/www.jugend-welt.com\/WP\/wp-json\/wp\/v2\/media?parent=196"}],"curies":[{"name":"wp","href":"https:\/\/api.w.org\/{rel}","templated":true}]}}