{"id":194,"date":"2020-03-23T11:47:28","date_gmt":"2020-03-23T11:47:28","guid":{"rendered":"https:\/\/www.jugend-welt.com\/WP\/?page_id=194"},"modified":"2023-04-06T14:56:38","modified_gmt":"2023-04-06T13:56:38","slug":"stille-jungs","status":"publish","type":"page","link":"https:\/\/www.jugend-welt.com\/WP\/projekte\/stille-jungs\/","title":{"rendered":"Stille Jungs"},"content":{"rendered":"\n<p>Kommunikation, Stille und Kampfkunst. Durch das Miteinander dieser drei Leitelemente regt das Projekt STILLE JUNGS zu einer Erweiterung des eigenen Erfahrungshorizontes und zur individuellen Entfaltung an. Es wird eine respektvolle Gespr\u00e4chsatmosph\u00e4re angestrebt, in der sich jeder einzelne authentisch mitteilen kann, aber auch bereit ist, anderen aktiv zuzuh\u00f6ren. Stille-Erfahrungen und Kampfkunst schaffen zudem einen Gegenpol zum lauten Alltag und f\u00f6rdern Selbstkontrolle, Selbstvertrauen und die gegenseitige Wertsch\u00e4tzung.<\/p>\n\n\n<div class=\"wp-block-image\">\n<figure class=\"aligncenter size-large is-resized\"><img loading=\"lazy\" decoding=\"async\" src=\"https:\/\/www.jugend-welt.com\/WP\/wp-content\/uploads\/2020\/03\/P_StilleJungs-935x1024.jpg\" alt=\"\" class=\"wp-image-306\" width=\"701\" height=\"768\" srcset=\"https:\/\/www.jugend-welt.com\/WP\/wp-content\/uploads\/2020\/03\/P_StilleJungs-935x1024.jpg 935w, https:\/\/www.jugend-welt.com\/WP\/wp-content\/uploads\/2020\/03\/P_StilleJungs-274x300.jpg 274w, https:\/\/www.jugend-welt.com\/WP\/wp-content\/uploads\/2020\/03\/P_StilleJungs-768x841.jpg 768w, https:\/\/www.jugend-welt.com\/WP\/wp-content\/uploads\/2020\/03\/P_StilleJungs-1403x1536.jpg 1403w, https:\/\/www.jugend-welt.com\/WP\/wp-content\/uploads\/2020\/03\/P_StilleJungs-22x24.jpg 22w, https:\/\/www.jugend-welt.com\/WP\/wp-content\/uploads\/2020\/03\/P_StilleJungs-33x36.jpg 33w, https:\/\/www.jugend-welt.com\/WP\/wp-content\/uploads\/2020\/03\/P_StilleJungs-44x48.jpg 44w, https:\/\/www.jugend-welt.com\/WP\/wp-content\/uploads\/2020\/03\/P_StilleJungs.jpg 1461w\" sizes=\"(max-width: 701px) 100vw, 701px\" \/><\/figure><\/div>","protected":false},"excerpt":{"rendered":"<p>Kommunikation, Stille und Kampfkunst. Durch das Miteinander dieser drei Leitelemente regt das Projekt STILLE JUNGS zu einer Erweiterung des eigenen Erfahrungshorizontes und zur individuellen Entfaltung an. Es wird eine respektvolle Gespr\u00e4chsatmosph\u00e4re angestrebt, in der sich jeder einzelne authentisch mitteilen kann, aber auch bereit ist, anderen aktiv zuzuh\u00f6ren. Stille-Erfahrungen und Kampfkunst &hellip;<\/p>\n","protected":false},"author":1,"featured_media":0,"parent":237,"menu_order":0,"comment_status":"closed","ping_status":"closed","template":"","meta":{"footnotes":""},"class_list":["post-194","page","type-page","status-publish","hentry"],"yoast_head":"<!-- This site is optimized with the Yoast SEO plugin v21.7 - https:\/\/yoast.com\/wordpress\/plugins\/seo\/ -->\n<title>Stille Jungs - Jugend-Welt e.V.<\/title>\n<meta name=\"robots\" content=\"index, follow, max-snippet:-1, max-image-preview:large, max-video-preview:-1\" \/>\n<link rel=\"canonical\" href=\"https:\/\/www.jugend-welt.com\/WP\/projekte\/stille-jungs\/\" \/>\n<meta property=\"og:locale\" content=\"de_DE\" \/>\n<meta property=\"og:type\" content=\"article\" \/>\n<meta property=\"og:title\" content=\"Stille Jungs - Jugend-Welt e.V.\" \/>\n<meta property=\"og:description\" content=\"Kommunikation, Stille und Kampfkunst. Durch das Miteinander dieser drei Leitelemente regt das Projekt STILLE JUNGS zu einer Erweiterung des eigenen Erfahrungshorizontes und zur individuellen Entfaltung an. Es wird eine respektvolle Gespr\u00e4chsatmosph\u00e4re angestrebt, in der sich jeder einzelne authentisch mitteilen kann, aber auch bereit ist, anderen aktiv zuzuh\u00f6ren. Stille-Erfahrungen und Kampfkunst &hellip;\" \/>\n<meta property=\"og:url\" content=\"https:\/\/www.jugend-welt.com\/WP\/projekte\/stille-jungs\/\" \/>\n<meta property=\"og:site_name\" content=\"Jugend-Welt e.V.\" \/>\n<meta property=\"article:modified_time\" content=\"2023-04-06T13:56:38+00:00\" \/>\n<meta property=\"og:image\" content=\"https:\/\/www.jugend-welt.com\/WP\/wp-content\/uploads\/2020\/03\/P_StilleJungs-935x1024.jpg\" \/>\n<meta name=\"twitter:card\" content=\"summary_large_image\" \/>\n<meta name=\"twitter:label1\" content=\"Gesch\u00e4tzte Lesezeit\" \/>\n\t<meta name=\"twitter:data1\" content=\"1\u00a0Minute\" \/>\n<script type=\"application\/ld+json\" class=\"yoast-schema-graph\">{\"@context\":\"https:\/\/schema.org\",\"@graph\":[{\"@type\":\"WebPage\",\"@id\":\"https:\/\/www.jugend-welt.com\/WP\/projekte\/stille-jungs\/\",\"url\":\"https:\/\/www.jugend-welt.com\/WP\/projekte\/stille-jungs\/\",\"name\":\"Stille Jungs - Jugend-Welt e.V.\",\"isPartOf\":{\"@id\":\"https:\/\/www.jugend-welt.com\/WP\/#website\"},\"datePublished\":\"2020-03-23T11:47:28+00:00\",\"dateModified\":\"2023-04-06T13:56:38+00:00\",\"breadcrumb\":{\"@id\":\"https:\/\/www.jugend-welt.com\/WP\/projekte\/stille-jungs\/#breadcrumb\"},\"inLanguage\":\"de\",\"potentialAction\":[{\"@type\":\"ReadAction\",\"target\":[\"https:\/\/www.jugend-welt.com\/WP\/projekte\/stille-jungs\/\"]}]},{\"@type\":\"BreadcrumbList\",\"@id\":\"https:\/\/www.jugend-welt.com\/WP\/projekte\/stille-jungs\/#breadcrumb\",\"itemListElement\":[{\"@type\":\"ListItem\",\"position\":1,\"name\":\"Startseite\",\"item\":\"https:\/\/www.jugend-welt.com\/WP\/\"},{\"@type\":\"ListItem\",\"position\":2,\"name\":\"PROJEKTE\",\"item\":\"https:\/\/www.jugend-welt.com\/WP\/projekte\/\"},{\"@type\":\"ListItem\",\"position\":3,\"name\":\"Stille Jungs\"}]},{\"@type\":\"WebSite\",\"@id\":\"https:\/\/www.jugend-welt.com\/WP\/#website\",\"url\":\"https:\/\/www.jugend-welt.com\/WP\/\",\"name\":\"Jugend-Welt e. V. - JUWEL\",\"description\":\"\",\"publisher\":{\"@id\":\"https:\/\/www.jugend-welt.com\/WP\/#organization\"},\"potentialAction\":[{\"@type\":\"SearchAction\",\"target\":{\"@type\":\"EntryPoint\",\"urlTemplate\":\"https:\/\/www.jugend-welt.com\/WP\/?s={search_term_string}\"},\"query-input\":\"required name=search_term_string\"}],\"inLanguage\":\"de\"},{\"@type\":\"Organization\",\"@id\":\"https:\/\/www.jugend-welt.com\/WP\/#organization\",\"name\":\"Jugend-Welt e.V.\",\"url\":\"https:\/\/www.jugend-welt.com\/WP\/\",\"logo\":{\"@type\":\"ImageObject\",\"inLanguage\":\"de\",\"@id\":\"https:\/\/www.jugend-welt.com\/WP\/#\/schema\/logo\/image\/\",\"url\":\"https:\/\/www.jugend-welt.com\/WP\/wp-content\/uploads\/2020\/11\/Logo_StilleJungs.jpg\",\"contentUrl\":\"https:\/\/www.jugend-welt.com\/WP\/wp-content\/uploads\/2020\/11\/Logo_StilleJungs.jpg\",\"width\":752,\"height\":769,\"caption\":\"Jugend-Welt e.V.\"},\"image\":{\"@id\":\"https:\/\/www.jugend-welt.com\/WP\/#\/schema\/logo\/image\/\"}}]}<\/script>\n<!-- \/ Yoast SEO plugin. -->","yoast_head_json":{"title":"Stille Jungs - Jugend-Welt e.V.","robots":{"index":"index","follow":"follow","max-snippet":"max-snippet:-1","max-image-preview":"max-image-preview:large","max-video-preview":"max-video-preview:-1"},"canonical":"https:\/\/www.jugend-welt.com\/WP\/projekte\/stille-jungs\/","og_locale":"de_DE","og_type":"article","og_title":"Stille Jungs - Jugend-Welt e.V.","og_description":"Kommunikation, Stille und Kampfkunst. Durch das Miteinander dieser drei Leitelemente regt das Projekt STILLE JUNGS zu einer Erweiterung des eigenen Erfahrungshorizontes und zur individuellen Entfaltung an. Es wird eine respektvolle Gespr\u00e4chsatmosph\u00e4re angestrebt, in der sich jeder einzelne authentisch mitteilen kann, aber auch bereit ist, anderen aktiv zuzuh\u00f6ren. Stille-Erfahrungen und Kampfkunst &hellip;","og_url":"https:\/\/www.jugend-welt.com\/WP\/projekte\/stille-jungs\/","og_site_name":"Jugend-Welt e.V.","article_modified_time":"2023-04-06T13:56:38+00:00","og_image":[{"url":"https:\/\/www.jugend-welt.com\/WP\/wp-content\/uploads\/2020\/03\/P_StilleJungs-935x1024.jpg"}],"twitter_card":"summary_large_image","twitter_misc":{"Gesch\u00e4tzte Lesezeit":"1\u00a0Minute"},"schema":{"@context":"https:\/\/schema.org","@graph":[{"@type":"WebPage","@id":"https:\/\/www.jugend-welt.com\/WP\/projekte\/stille-jungs\/","url":"https:\/\/www.jugend-welt.com\/WP\/projekte\/stille-jungs\/","name":"Stille Jungs - Jugend-Welt e.V.","isPartOf":{"@id":"https:\/\/www.jugend-welt.com\/WP\/#website"},"datePublished":"2020-03-23T11:47:28+00:00","dateModified":"2023-04-06T13:56:38+00:00","breadcrumb":{"@id":"https:\/\/www.jugend-welt.com\/WP\/projekte\/stille-jungs\/#breadcrumb"},"inLanguage":"de","potentialAction":[{"@type":"ReadAction","target":["https:\/\/www.jugend-welt.com\/WP\/projekte\/stille-jungs\/"]}]},{"@type":"BreadcrumbList","@id":"https:\/\/www.jugend-welt.com\/WP\/projekte\/stille-jungs\/#breadcrumb","itemListElement":[{"@type":"ListItem","position":1,"name":"Startseite","item":"https:\/\/www.jugend-welt.com\/WP\/"},{"@type":"ListItem","position":2,"name":"PROJEKTE","item":"https:\/\/www.jugend-welt.com\/WP\/projekte\/"},{"@type":"ListItem","position":3,"name":"Stille Jungs"}]},{"@type":"WebSite","@id":"https:\/\/www.jugend-welt.com\/WP\/#website","url":"https:\/\/www.jugend-welt.com\/WP\/","name":"Jugend-Welt e. V. - JUWEL","description":"","publisher":{"@id":"https:\/\/www.jugend-welt.com\/WP\/#organization"},"potentialAction":[{"@type":"SearchAction","target":{"@type":"EntryPoint","urlTemplate":"https:\/\/www.jugend-welt.com\/WP\/?s={search_term_string}"},"query-input":"required name=search_term_string"}],"inLanguage":"de"},{"@type":"Organization","@id":"https:\/\/www.jugend-welt.com\/WP\/#organization","name":"Jugend-Welt e.V.","url":"https:\/\/www.jugend-welt.com\/WP\/","logo":{"@type":"ImageObject","inLanguage":"de","@id":"https:\/\/www.jugend-welt.com\/WP\/#\/schema\/logo\/image\/","url":"https:\/\/www.jugend-welt.com\/WP\/wp-content\/uploads\/2020\/11\/Logo_StilleJungs.jpg","contentUrl":"https:\/\/www.jugend-welt.com\/WP\/wp-content\/uploads\/2020\/11\/Logo_StilleJungs.jpg","width":752,"height":769,"caption":"Jugend-Welt e.V."},"image":{"@id":"https:\/\/www.jugend-welt.com\/WP\/#\/schema\/logo\/image\/"}}]}},"_links":{"self":[{"href":"https:\/\/www.jugend-welt.com\/WP\/wp-json\/wp\/v2\/pages\/194"}],"collection":[{"href":"https:\/\/www.jugend-welt.com\/WP\/wp-json\/wp\/v2\/pages"}],"about":[{"href":"https:\/\/www.jugend-welt.com\/WP\/wp-json\/wp\/v2\/types\/page"}],"author":[{"embeddable":true,"href":"https:\/\/www.jugend-welt.com\/WP\/wp-json\/wp\/v2\/users\/1"}],"replies":[{"embeddable":true,"href":"https:\/\/www.jugend-welt.com\/WP\/wp-json\/wp\/v2\/comments?post=194"}],"version-history":[{"count":1,"href":"https:\/\/www.jugend-welt.com\/WP\/wp-json\/wp\/v2\/pages\/194\/revisions"}],"predecessor-version":[{"id":910,"href":"https:\/\/www.jugend-welt.com\/WP\/wp-json\/wp\/v2\/pages\/194\/revisions\/910"}],"up":[{"embeddable":true,"href":"https:\/\/www.jugend-welt.com\/WP\/wp-json\/wp\/v2\/pages\/237"}],"wp:attachment":[{"href":"https:\/\/www.jugend-welt.com\/WP\/wp-json\/wp\/v2\/media?parent=194"}],"curies":[{"name":"wp","href":"https:\/\/api.w.org\/{rel}","templated":true}]}}